{"id":1821,"date":"2023-07-27T09:13:19","date_gmt":"2023-07-27T09:13:19","guid":{"rendered":"https:\/\/siptel.es\/?page_id=1821"},"modified":"2023-10-18T07:24:58","modified_gmt":"2023-10-18T07:24:58","slug":"app-control-remoto","status":"publish","type":"page","link":"https:\/\/siptel.es\/en\/app-control-remoto\/","title":{"rendered":"App Control Remoto"},"content":{"rendered":"<div data-elementor-type=\"wp-page\" data-elementor-id=\"1821\" class=\"elementor elementor-1821\" data-elementor-post-type=\"page\">\n\t\t\t\t<div class=\"elementor-element elementor-element-d4ca430 e-flex e-con-boxed e-con e-parent\" data-id=\"d4ca430\" data-element_type=\"container\">\n\t\t\t\t\t<div class=\"e-con-inner\">\n\t\t\t\t<div class=\"elementor-element elementor-element-6ea4617 elementor-widget elementor-widget-heading\" data-id=\"6ea4617\" data-element_type=\"widget\" data-widget_type=\"heading.default\">\n\t\t\t\t<div class=\"elementor-widget-container\">\n\t\t\t\t\t<h1 class=\"elementor-heading-title elementor-size-default\">App Control Remoto<\/h1>\t\t\t\t<\/div>\n\t\t\t\t<\/div>\n\t\t\t\t<div class=\"elementor-element elementor-element-382c110 elementor-widget elementor-widget-heading\" data-id=\"382c110\" data-element_type=\"widget\" data-widget_type=\"heading.default\">\n\t\t\t\t<div class=\"elementor-widget-container\">\n\t\t\t\t\t<p class=\"elementor-heading-title elementor-size-default\">Desc\u00e1rgate nuestro programa de escritorio y control remoto para poder ofrecerte esa asistencia <br>\nt\u00e9cnica en tu dispositivo, ya sea ordenador o dispositivo m\u00f3vil.<\/p>\t\t\t\t<\/div>\n\t\t\t\t<\/div>\n\t\t\t\t\t<\/div>\n\t\t\t\t<\/div>\n\t\t<div class=\"elementor-element elementor-element-7564560 e-flex e-con-boxed e-con e-parent\" data-id=\"7564560\" data-element_type=\"container\">\n\t\t\t\t\t<div class=\"e-con-inner\">\n\t\t<div class=\"elementor-element elementor-element-bf244c2 e-con-full e-flex e-con e-parent\" data-id=\"bf244c2\" data-element_type=\"container\" data-settings=\"{&quot;background_background&quot;:&quot;classic&quot;}\">\n\t\t\t\t<div class=\"elementor-element elementor-element-89d4a8f elementor-view-default elementor-widget elementor-widget-icon\" data-id=\"89d4a8f\" data-element_type=\"widget\" data-widget_type=\"icon.default\">\n\t\t\t\t<div class=\"elementor-widget-container\">\n\t\t\t\t\t\t\t<div class=\"elementor-icon-wrapper\">\n\t\t\t<div class=\"elementor-icon\">\n\t\t\t<i aria-hidden=\"true\" class=\"fas fa-lock\"><\/i>\t\t\t<\/div>\n\t\t<\/div>\n\t\t\t\t\t\t<\/div>\n\t\t\t\t<\/div>\n\t\t\t\t<div class=\"elementor-element elementor-element-0ea8aae elementor-widget elementor-widget-heading\" data-id=\"0ea8aae\" data-element_type=\"widget\" data-widget_type=\"heading.default\">\n\t\t\t\t<div class=\"elementor-widget-container\">\n\t\t\t\t\t<h3 class=\"elementor-heading-title elementor-size-default\">SEGURO<\/h3>\t\t\t\t<\/div>\n\t\t\t\t<\/div>\n\t\t\t\t<div class=\"elementor-element elementor-element-8bcc734 elementor-widget elementor-widget-text-editor\" data-id=\"8bcc734\" data-element_type=\"widget\" data-widget_type=\"text-editor.default\">\n\t\t\t\t<div class=\"elementor-widget-container\">\n\t\t\t\t\t\t\t\t\t<p>Conexiones seguras: flujo de datos encriptados y contrase\u00f1as tempor\u00e1neas aleatorias para tus conexiones<\/p>\t\t\t\t\t\t\t\t<\/div>\n\t\t\t\t<\/div>\n\t\t\t\t<\/div>\n\t\t<div class=\"elementor-element elementor-element-54e4d37 e-con-full e-flex e-con e-parent\" data-id=\"54e4d37\" data-element_type=\"container\" data-settings=\"{&quot;background_background&quot;:&quot;classic&quot;}\">\n\t\t\t\t<div class=\"elementor-element elementor-element-41b0b72 elementor-view-default elementor-widget elementor-widget-icon\" data-id=\"41b0b72\" data-element_type=\"widget\" data-widget_type=\"icon.default\">\n\t\t\t\t<div class=\"elementor-widget-container\">\n\t\t\t\t\t\t\t<div class=\"elementor-icon-wrapper\">\n\t\t\t<div class=\"elementor-icon\">\n\t\t\t<i aria-hidden=\"true\" class=\"fas fa-object-group\"><\/i>\t\t\t<\/div>\n\t\t<\/div>\n\t\t\t\t\t\t<\/div>\n\t\t\t\t<\/div>\n\t\t\t\t<div class=\"elementor-element elementor-element-76a1c6c elementor-widget elementor-widget-heading\" data-id=\"76a1c6c\" data-element_type=\"widget\" data-widget_type=\"heading.default\">\n\t\t\t\t<div class=\"elementor-widget-container\">\n\t\t\t\t\t<h3 class=\"elementor-heading-title elementor-size-default\">MULTIPLATAFORMA<\/h3>\t\t\t\t<\/div>\n\t\t\t\t<\/div>\n\t\t\t\t<div class=\"elementor-element elementor-element-19a5485 elementor-widget elementor-widget-text-editor\" data-id=\"19a5485\" data-element_type=\"widget\" data-widget_type=\"text-editor.default\">\n\t\t\t\t<div class=\"elementor-widget-container\">\n\t\t\t\t\t\t\t\t\t<p>Software compatible con todos los sistemas operativos m\u00e1s comunes: puedes recibir conexiones en dispositivos Windows, macOS y Linux<\/p>\t\t\t\t\t\t\t\t<\/div>\n\t\t\t\t<\/div>\n\t\t\t\t<\/div>\n\t\t<div class=\"elementor-element elementor-element-0876ced e-con-full e-flex e-con e-parent\" data-id=\"0876ced\" data-element_type=\"container\" data-settings=\"{&quot;background_background&quot;:&quot;classic&quot;}\">\n\t\t\t\t<div class=\"elementor-element elementor-element-7d582bc elementor-view-default elementor-widget elementor-widget-icon\" data-id=\"7d582bc\" data-element_type=\"widget\" data-widget_type=\"icon.default\">\n\t\t\t\t<div class=\"elementor-widget-container\">\n\t\t\t\t\t\t\t<div class=\"elementor-icon-wrapper\">\n\t\t\t<div class=\"elementor-icon\">\n\t\t\t<i aria-hidden=\"true\" class=\"far fa-check-square\"><\/i>\t\t\t<\/div>\n\t\t<\/div>\n\t\t\t\t\t\t<\/div>\n\t\t\t\t<\/div>\n\t\t\t\t<div class=\"elementor-element elementor-element-0f6798f elementor-widget elementor-widget-heading\" data-id=\"0f6798f\" data-element_type=\"widget\" data-widget_type=\"heading.default\">\n\t\t\t\t<div class=\"elementor-widget-container\">\n\t\t\t\t\t<h3 class=\"elementor-heading-title elementor-size-default\">SENCILLO<\/h3>\t\t\t\t<\/div>\n\t\t\t\t<\/div>\n\t\t\t\t<div class=\"elementor-element elementor-element-91b343c elementor-widget elementor-widget-text-editor\" data-id=\"91b343c\" data-element_type=\"widget\" data-widget_type=\"text-editor.default\">\n\t\t\t\t<div class=\"elementor-widget-container\">\n\t\t\t\t\t\t\t\t\t<p>Una soluci\u00f3n f\u00e1cil para ofrecerte soporte y poder controlar PC remotos. Como si estuviera sentado frente a tu pantalla<\/p>\t\t\t\t\t\t\t\t<\/div>\n\t\t\t\t<\/div>\n\t\t\t\t<\/div>\n\t\t\t\t\t<\/div>\n\t\t\t\t<\/div>\n\t\t<div class=\"elementor-element elementor-element-53fc395 e-flex e-con-boxed e-con e-parent\" data-id=\"53fc395\" data-element_type=\"container\">\n\t\t\t\t\t<div class=\"e-con-inner\">\n\t\t<div class=\"elementor-element elementor-element-d83fd66 e-con-full e-flex e-con e-parent\" data-id=\"d83fd66\" data-element_type=\"container\">\n\t\t\t\t<div class=\"elementor-element elementor-element-578dd8e elementor-widget elementor-widget-image\" data-id=\"578dd8e\" data-element_type=\"widget\" data-widget_type=\"image.default\">\n\t\t\t\t<div class=\"elementor-widget-container\">\n\t\t\t\t\t\t\t\t\t\t\t\t\t\t\t\t<a href=\"https:\/\/sipteljorgepons-my.sharepoint.com\/:u:\/g\/personal\/jorgepons_siptel_es\/EbldRwywXR1Jtkk615XbgCkBYw1ZWTJhf6N9WqKrQVK_Mg?e=l4Sldj\">\n\t\t\t\t\t\t\t<img fetchpriority=\"high\" decoding=\"async\" width=\"807\" height=\"576\" src=\"https:\/\/siptel.es\/wp-content\/uploads\/2023\/07\/Win.jpg\" class=\"attachment-large size-large wp-image-1823\" alt=\"\" srcset=\"https:\/\/siptel.es\/wp-content\/uploads\/2023\/07\/Win.jpg 807w, https:\/\/siptel.es\/wp-content\/uploads\/2023\/07\/Win-300x214.jpg 300w, https:\/\/siptel.es\/wp-content\/uploads\/2023\/07\/Win-768x548.jpg 768w, https:\/\/siptel.es\/wp-content\/uploads\/2023\/07\/Win-18x12.jpg 18w\" sizes=\"(max-width: 807px) 100vw, 807px\" \/>\t\t\t\t\t\t\t\t<\/a>\n\t\t\t\t\t\t\t\t\t\t\t\t\t\t\t<\/div>\n\t\t\t\t<\/div>\n\t\t\t\t<div class=\"elementor-element elementor-element-8f1c4ee elementor-widget elementor-widget-heading\" data-id=\"8f1c4ee\" data-element_type=\"widget\" data-widget_type=\"heading.default\">\n\t\t\t\t<div class=\"elementor-widget-container\">\n\t\t\t\t\t<p class=\"elementor-heading-title elementor-size-default\"><a href=\"https:\/\/sipteljorgepons-my.sharepoint.com\/:u:\/g\/personal\/jorgepons_siptel_es\/EbldRwywXR1Jtkk615XbgCkBYw1ZWTJhf6N9WqKrQVK_Mg?e=l4Sldj\">WINDOWS<\/a><\/p>\t\t\t\t<\/div>\n\t\t\t\t<\/div>\n\t\t\t\t<\/div>\n\t\t<div class=\"elementor-element elementor-element-4e4d006 e-con-full e-flex e-con e-parent\" data-id=\"4e4d006\" data-element_type=\"container\">\n\t\t\t\t<div class=\"elementor-element elementor-element-6ffddd0 elementor-widget elementor-widget-image\" data-id=\"6ffddd0\" data-element_type=\"widget\" data-widget_type=\"image.default\">\n\t\t\t\t<div class=\"elementor-widget-container\">\n\t\t\t\t\t\t\t\t\t\t\t\t\t\t\t\t<a href=\"https:\/\/sipteljorgepons-my.sharepoint.com\/:u:\/g\/personal\/jorgepons_siptel_es\/EYP04PCSiN5CnqeRaEbDL7kBjXhOoaLqOPQ7sTFYS-cKFQ?e=Lgw8ZI\">\n\t\t\t\t\t\t\t<img decoding=\"async\" width=\"807\" height=\"576\" src=\"https:\/\/siptel.es\/wp-content\/uploads\/2023\/07\/siptel-mac-1.png\" class=\"attachment-large size-large wp-image-1825\" alt=\"\" srcset=\"https:\/\/siptel.es\/wp-content\/uploads\/2023\/07\/siptel-mac-1.png 807w, https:\/\/siptel.es\/wp-content\/uploads\/2023\/07\/siptel-mac-1-300x214.png 300w, https:\/\/siptel.es\/wp-content\/uploads\/2023\/07\/siptel-mac-1-768x548.png 768w, https:\/\/siptel.es\/wp-content\/uploads\/2023\/07\/siptel-mac-1-18x12.png 18w\" sizes=\"(max-width: 807px) 100vw, 807px\" \/>\t\t\t\t\t\t\t\t<\/a>\n\t\t\t\t\t\t\t\t\t\t\t\t\t\t\t<\/div>\n\t\t\t\t<\/div>\n\t\t\t\t<div class=\"elementor-element elementor-element-10636a0 elementor-widget elementor-widget-heading\" data-id=\"10636a0\" data-element_type=\"widget\" data-widget_type=\"heading.default\">\n\t\t\t\t<div class=\"elementor-widget-container\">\n\t\t\t\t\t<p class=\"elementor-heading-title elementor-size-default\"><a href=\"https:\/\/sipteljorgepons-my.sharepoint.com\/:u:\/g\/personal\/jorgepons_siptel_es\/EYP04PCSiN5CnqeRaEbDL7kBjXhOoaLqOPQ7sTFYS-cKFQ?e=Lgw8ZI\">MAC<\/a><\/p>\t\t\t\t<\/div>\n\t\t\t\t<\/div>\n\t\t\t\t<\/div>\n\t\t<div class=\"elementor-element elementor-element-3843eb9 e-con-full e-flex e-con e-parent\" data-id=\"3843eb9\" data-element_type=\"container\">\n\t\t\t\t<div class=\"elementor-element elementor-element-c011c91 elementor-widget elementor-widget-image\" data-id=\"c011c91\" data-element_type=\"widget\" data-widget_type=\"image.default\">\n\t\t\t\t<div class=\"elementor-widget-container\">\n\t\t\t\t\t\t\t\t\t\t\t\t\t\t\t\t<a href=\"https:\/\/play.google.com\/store\/apps\/details?id=it.nanosystems.supremo.host&#038;hl=es_419&#038;gl=US\">\n\t\t\t\t\t\t\t<img decoding=\"async\" width=\"807\" height=\"576\" src=\"https:\/\/siptel.es\/wp-content\/uploads\/2023\/07\/siptel-android.png\" class=\"attachment-large size-large wp-image-1826\" alt=\"\" srcset=\"https:\/\/siptel.es\/wp-content\/uploads\/2023\/07\/siptel-android.png 807w, https:\/\/siptel.es\/wp-content\/uploads\/2023\/07\/siptel-android-300x214.png 300w, https:\/\/siptel.es\/wp-content\/uploads\/2023\/07\/siptel-android-768x548.png 768w, https:\/\/siptel.es\/wp-content\/uploads\/2023\/07\/siptel-android-18x12.png 18w\" sizes=\"(max-width: 807px) 100vw, 807px\" \/>\t\t\t\t\t\t\t\t<\/a>\n\t\t\t\t\t\t\t\t\t\t\t\t\t\t\t<\/div>\n\t\t\t\t<\/div>\n\t\t\t\t<div class=\"elementor-element elementor-element-1bdb5d0 elementor-widget elementor-widget-heading\" data-id=\"1bdb5d0\" data-element_type=\"widget\" data-widget_type=\"heading.default\">\n\t\t\t\t<div class=\"elementor-widget-container\">\n\t\t\t\t\t<p class=\"elementor-heading-title elementor-size-default\"><a href=\"https:\/\/play.google.com\/store\/apps\/details?id=it.nanosystems.supremo.host&#038;hl=es_419&#038;gl=US\">ANDROID<\/a><\/p>\t\t\t\t<\/div>\n\t\t\t\t<\/div>\n\t\t\t\t<\/div>\n\t\t\t\t\t<\/div>\n\t\t\t\t<\/div>\n\t\t\t\t<\/div>","protected":false},"excerpt":{"rendered":"<p>App Control Remoto Desc\u00e1rgate nuestro programa de escritorio y control remoto para poder ofrecerte esa asistencia t\u00e9cnica en tu dispositivo, ya sea ordenador o dispositivo m\u00f3vil. SEGURO Conexiones seguras: flujo de datos encriptados y contrase\u00f1as tempor\u00e1neas aleatorias para tus conexiones MULTIPLATAFORMA Software compatible con todos los sistemas operativos m\u00e1s comunes: puedes recibir conexiones en dispositivos [&hellip;]<\/p>","protected":false},"author":2,"featured_media":0,"parent":0,"menu_order":0,"comment_status":"closed","ping_status":"closed","template":"","meta":{"_joinchat":[],"footnotes":""},"class_list":["post-1821","page","type-page","status-publish","hentry"],"blocksy_meta":{"page_title_panel":"","has_hero_section":"disabled","1bb3ce9c72c20a4cf1b168f7f372451f":"","hero_section":"type-1","hero_elements":[{"id":"custom_title","enabled":true,"heading_tag":"h1","title":"Home"},{"id":"custom_description","enabled":true,"description_visibility":{"desktop":true,"tablet":true,"mobile":false}},{"id":"custom_meta","enabled":false,"meta_elements":[{"id":"author","enabled":true,"label":"By","has_author_avatar":"yes","avatar_size":25},{"id":"post_date","enabled":true,"label":"On","date_format_source":"default","date_format":"M j, Y"},{"id":"updated_date","enabled":false,"label":"On","date_format_source":"default","date_format":"M j, Y"},{"id":"categories","enabled":false,"label":"In","style":"simple"},{"id":"comments","enabled":true}],"page_meta_elements":{"joined":true,"articles_count":true,"comments":true}},{"id":"breadcrumbs","enabled":false}],"a2058bb0a36d983451521b4362af85d7":"","hero_alignment1":"CT_CSS_SKIP_RULE","hero_margin":40,"hero_alignment2":"center","hero_vertical_alignment":"center","71e71fbee2f06548cf383542faa0a7b1":"","hero_structure":"narrow","1d4ceb520f68564defc9bb3ecbf331f6":"","page_title_bg_type":"featured_image","custom_hero_background":{"attachment_id":null},"page_title_image_size":"full","parallax":{"desktop":false,"tablet":false,"mobile":false},"c70bd2ef44adacaf481498245b285f93":"","hero_height":"250px","pageTitleFont":{"family":"Default","variation":"Default","size":"30px","line-height":"CT_CSS_SKIP_RULE","letter-spacing":"CT_CSS_SKIP_RULE","text-transform":"CT_CSS_SKIP_RULE","text-decoration":"CT_CSS_SKIP_RULE"},"pageTitleFontColor":{"default":{"color":"CT_CSS_SKIP_RULEDEFAULT"}},"pageMetaFont":{"family":"Default","variation":"n6","size":"12px","line-height":"1.3","letter-spacing":"CT_CSS_SKIP_RULE","text-transform":"uppercase","text-decoration":"CT_CSS_SKIP_RULE"},"pageMetaFontColor":{"default":{"color":"CT_CSS_SKIP_RULEDEFAULT"},"hover":{"color":"CT_CSS_SKIP_RULEDEFAULT"}},"page_meta_button_type_font_colors":{"default":{"color":"CT_CSS_SKIP_RULEDEFAULT"},"hover":{"color":"CT_CSS_SKIP_RULEDEFAULT"}},"page_meta_button_type_background_colors":{"default":{"color":"CT_CSS_SKIP_RULEDEFAULT"},"hover":{"color":"CT_CSS_SKIP_RULEDEFAULT"}},"pageExcerptFont":{"family":"Default","variation":"Default","size":"CT_CSS_SKIP_RULE","line-height":"CT_CSS_SKIP_RULE","letter-spacing":"CT_CSS_SKIP_RULE","text-transform":"CT_CSS_SKIP_RULE","text-decoration":"CT_CSS_SKIP_RULE"},"pageExcerptColor":{"default":{"color":"CT_CSS_SKIP_RULEDEFAULT"}},"breadcrumbsFont":{"family":"Default","variation":"Default","size":"CT_CSS_SKIP_RULE","line-height":"CT_CSS_SKIP_RULE","letter-spacing":"CT_CSS_SKIP_RULE","text-transform":"CT_CSS_SKIP_RULE","text-decoration":"CT_CSS_SKIP_RULE"},"breadcrumbsFontColor":{"default":{"color":"CT_CSS_SKIP_RULEDEFAULT"},"initial":{"color":"CT_CSS_SKIP_RULEDEFAULT"},"hover":{"color":"CT_CSS_SKIP_RULEDEFAULT"}},"pageTitleOverlay":{"background_type":"color","background_pattern":"type-1","background_image":{"attachment_id":null,"x":0,"y":0},"gradient":"linear-gradient(135deg,rgba(6,147,227,1) 0%,rgb(155,81,224) 100%)","background_repeat":"repeat","background_size":"auto","background_attachment":"scroll","patternColor":{"default":{"color":"#e5e7ea"}},"overlayColor":{"default":{"color":"CT_CSS_SKIP_RULE"}},"backgroundColor":{"default":{"color":"CT_CSS_SKIP_RULE"}}},"pageTitleBackground":{"background_type":"color","background_pattern":"type-1","background_image":{"attachment_id":null,"x":0,"y":0},"gradient":"linear-gradient(135deg,rgba(6,147,227,1) 0%,rgb(155,81,224) 100%)","background_repeat":"repeat","background_size":"auto","background_attachment":"scroll","patternColor":{"default":{"color":"#e5e7ea"}},"overlayColor":{"default":{"color":"CT_CSS_SKIP_RULE"}},"backgroundColor":{"default":{"color":"var(--theme-palette-color-6)"}}},"pageTitlePadding":{"top":"50px","bottom":"50px","left":"auto","right":"auto","linked":true},"65f2a91d88201126578f6ba1836a3d2e":"","page_structure_type":"default","7c87dc879652efdd0e0c2e8f35e5995e":"","content_style_source":"inherit","content_style":"wide","vertical_spacing_source":"custom","content_area_spacing":"none","background":{"background_type":"color","background_pattern":"type-1","background_image":{"attachment_id":null,"x":0,"y":0},"gradient":"linear-gradient(135deg,rgba(6,147,227,1) 0%,rgb(155,81,224) 100%)","background_repeat":"repeat","background_size":"auto","background_attachment":"scroll","patternColor":{"default":{"color":"#e5e7ea"}},"overlayColor":{"default":{"color":"CT_CSS_SKIP_RULE"}},"backgroundColor":{"default":{"color":"CT_CSS_SKIP_RULE"}}},"content_background":{"background_type":"color","background_pattern":"type-1","background_image":{"attachment_id":null,"x":0,"y":0},"gradient":"linear-gradient(135deg,rgba(6,147,227,1) 0%,rgb(155,81,224) 100%)","background_repeat":"repeat","background_size":"auto","background_attachment":"scroll","patternColor":{"default":{"color":"#e5e7ea"}},"overlayColor":{"default":{"color":"CT_CSS_SKIP_RULE"}},"backgroundColor":{"default":{"color":"var(--theme-palette-color-8)"}}},"content_boxed_shadow":{"inherit":false,"blur":18,"spread":-6,"v_offset":12,"h_offset":0,"inset":false,"enable":true,"color":{"color":"rgba(34, 56, 101, 0.04)"}},"content_boxed_border":{"width":1,"style":"none","color":{"color":"rgba(44,62,80,0.2)"}},"content_boxed_radius":{"top":"3px","bottom":"3px","left":"3px","right":"3px","linked":true},"boxed_content_spacing":{"desktop":{"top":"40px","bottom":"40px","left":"40px","right":"40px","linked":true},"tablet":{"top":"35px","bottom":"35px","left":"35px","right":"35px","linked":true},"mobile":{"top":"20px","bottom":"20px","left":"20px","right":"20px","linked":true}},"548a6ec19c21e3f19d04b213c774ca97":"","disable_featured_image":"no","disable_share_box":"no","disable_header":"no","disable_footer":"no","styles_descriptor":{"styles":{"desktop":"","tablet":"","mobile":""},"google_fonts":[],"version":6}},"yoast_head":"<!-- This site is optimized with the Yoast SEO plugin v24.8.1 - https:\/\/yoast.com\/wordpress\/plugins\/seo\/ -->\n<title>App Control Remoto - Siptel<\/title>\n<meta name=\"robots\" content=\"index, follow, max-snippet:-1, max-image-preview:large, max-video-preview:-1\" \/>\n<link rel=\"canonical\" href=\"https:\/\/siptel.es\/en\/app-control-remoto\/\" \/>\n<meta property=\"og:locale\" content=\"en_GB\" \/>\n<meta property=\"og:type\" content=\"article\" \/>\n<meta property=\"og:title\" content=\"App Control Remoto - Siptel\" \/>\n<meta property=\"og:description\" content=\"App Control Remoto Desc\u00e1rgate nuestro programa de escritorio y control remoto para poder ofrecerte esa asistencia t\u00e9cnica en tu dispositivo, ya sea ordenador o dispositivo m\u00f3vil. SEGURO Conexiones seguras: flujo de datos encriptados y contrase\u00f1as tempor\u00e1neas aleatorias para tus conexiones MULTIPLATAFORMA Software compatible con todos los sistemas operativos m\u00e1s comunes: puedes recibir conexiones en dispositivos [&hellip;]\" \/>\n<meta property=\"og:url\" content=\"https:\/\/siptel.es\/en\/app-control-remoto\/\" \/>\n<meta property=\"og:site_name\" content=\"Siptel\" \/>\n<meta property=\"article:modified_time\" content=\"2023-10-18T07:24:58+00:00\" \/>\n<meta property=\"og:image\" content=\"https:\/\/siptel.es\/wp-content\/uploads\/2023\/07\/Win.jpg\" \/>\n<meta name=\"twitter:card\" content=\"summary_large_image\" \/>\n<meta name=\"twitter:label1\" content=\"Estimated reading time\" \/>\n\t<meta name=\"twitter:data1\" content=\"1 minute\" \/>\n<script type=\"application\/ld+json\" class=\"yoast-schema-graph\">{\"@context\":\"https:\/\/schema.org\",\"@graph\":[{\"@type\":\"WebPage\",\"@id\":\"https:\/\/siptel.es\/app-control-remoto\/\",\"url\":\"https:\/\/siptel.es\/app-control-remoto\/\",\"name\":\"App Control Remoto - Siptel\",\"isPartOf\":{\"@id\":\"https:\/\/siptel.es\/#website\"},\"primaryImageOfPage\":{\"@id\":\"https:\/\/siptel.es\/app-control-remoto\/#primaryimage\"},\"image\":{\"@id\":\"https:\/\/siptel.es\/app-control-remoto\/#primaryimage\"},\"thumbnailUrl\":\"https:\/\/siptel.es\/wp-content\/uploads\/2023\/07\/Win.jpg\",\"datePublished\":\"2023-07-27T09:13:19+00:00\",\"dateModified\":\"2023-10-18T07:24:58+00:00\",\"breadcrumb\":{\"@id\":\"https:\/\/siptel.es\/app-control-remoto\/#breadcrumb\"},\"inLanguage\":\"en-GB\",\"potentialAction\":[{\"@type\":\"ReadAction\",\"target\":[\"https:\/\/siptel.es\/app-control-remoto\/\"]}]},{\"@type\":\"ImageObject\",\"inLanguage\":\"en-GB\",\"@id\":\"https:\/\/siptel.es\/app-control-remoto\/#primaryimage\",\"url\":\"https:\/\/siptel.es\/wp-content\/uploads\/2023\/07\/Win.jpg\",\"contentUrl\":\"https:\/\/siptel.es\/wp-content\/uploads\/2023\/07\/Win.jpg\"},{\"@type\":\"BreadcrumbList\",\"@id\":\"https:\/\/siptel.es\/app-control-remoto\/#breadcrumb\",\"itemListElement\":[{\"@type\":\"ListItem\",\"position\":1,\"name\":\"Portada\",\"item\":\"https:\/\/siptel.es\/\"},{\"@type\":\"ListItem\",\"position\":2,\"name\":\"App Control Remoto\"}]},{\"@type\":\"WebSite\",\"@id\":\"https:\/\/siptel.es\/#website\",\"url\":\"https:\/\/siptel.es\/\",\"name\":\"Siptel\",\"description\":\"\",\"publisher\":{\"@id\":\"https:\/\/siptel.es\/#organization\"},\"potentialAction\":[{\"@type\":\"SearchAction\",\"target\":{\"@type\":\"EntryPoint\",\"urlTemplate\":\"https:\/\/siptel.es\/?s={search_term_string}\"},\"query-input\":{\"@type\":\"PropertyValueSpecification\",\"valueRequired\":true,\"valueName\":\"search_term_string\"}}],\"inLanguage\":\"en-GB\"},{\"@type\":\"Organization\",\"@id\":\"https:\/\/siptel.es\/#organization\",\"name\":\"Siptel\",\"url\":\"https:\/\/siptel.es\/\",\"logo\":{\"@type\":\"ImageObject\",\"inLanguage\":\"en-GB\",\"@id\":\"https:\/\/siptel.es\/#\/schema\/logo\/image\/\",\"url\":\"https:\/\/siptel.es\/wp-content\/uploads\/2023\/05\/SIPTEL-apaisat-sense-marc-02-02-1-e1684765794188.png\",\"contentUrl\":\"https:\/\/siptel.es\/wp-content\/uploads\/2023\/05\/SIPTEL-apaisat-sense-marc-02-02-1-e1684765794188.png\",\"width\":4011,\"height\":1642,\"caption\":\"Siptel\"},\"image\":{\"@id\":\"https:\/\/siptel.es\/#\/schema\/logo\/image\/\"}}]}<\/script>\n<!-- \/ Yoast SEO plugin. -->","yoast_head_json":{"title":"App Control Remoto - Siptel","robots":{"index":"index","follow":"follow","max-snippet":"max-snippet:-1","max-image-preview":"max-image-preview:large","max-video-preview":"max-video-preview:-1"},"canonical":"https:\/\/siptel.es\/en\/app-control-remoto\/","og_locale":"en_GB","og_type":"article","og_title":"App Control Remoto - Siptel","og_description":"App Control Remoto Desc\u00e1rgate nuestro programa de escritorio y control remoto para poder ofrecerte esa asistencia t\u00e9cnica en tu dispositivo, ya sea ordenador o dispositivo m\u00f3vil. SEGURO Conexiones seguras: flujo de datos encriptados y contrase\u00f1as tempor\u00e1neas aleatorias para tus conexiones MULTIPLATAFORMA Software compatible con todos los sistemas operativos m\u00e1s comunes: puedes recibir conexiones en dispositivos [&hellip;]","og_url":"https:\/\/siptel.es\/en\/app-control-remoto\/","og_site_name":"Siptel","article_modified_time":"2023-10-18T07:24:58+00:00","og_image":[{"url":"https:\/\/siptel.es\/wp-content\/uploads\/2023\/07\/Win.jpg","type":"","width":"","height":""}],"twitter_card":"summary_large_image","twitter_misc":{"Estimated reading time":"1 minute"},"schema":{"@context":"https:\/\/schema.org","@graph":[{"@type":"WebPage","@id":"https:\/\/siptel.es\/app-control-remoto\/","url":"https:\/\/siptel.es\/app-control-remoto\/","name":"App Control Remoto - Siptel","isPartOf":{"@id":"https:\/\/siptel.es\/#website"},"primaryImageOfPage":{"@id":"https:\/\/siptel.es\/app-control-remoto\/#primaryimage"},"image":{"@id":"https:\/\/siptel.es\/app-control-remoto\/#primaryimage"},"thumbnailUrl":"https:\/\/siptel.es\/wp-content\/uploads\/2023\/07\/Win.jpg","datePublished":"2023-07-27T09:13:19+00:00","dateModified":"2023-10-18T07:24:58+00:00","breadcrumb":{"@id":"https:\/\/siptel.es\/app-control-remoto\/#breadcrumb"},"inLanguage":"en-GB","potentialAction":[{"@type":"ReadAction","target":["https:\/\/siptel.es\/app-control-remoto\/"]}]},{"@type":"ImageObject","inLanguage":"en-GB","@id":"https:\/\/siptel.es\/app-control-remoto\/#primaryimage","url":"https:\/\/siptel.es\/wp-content\/uploads\/2023\/07\/Win.jpg","contentUrl":"https:\/\/siptel.es\/wp-content\/uploads\/2023\/07\/Win.jpg"},{"@type":"BreadcrumbList","@id":"https:\/\/siptel.es\/app-control-remoto\/#breadcrumb","itemListElement":[{"@type":"ListItem","position":1,"name":"Portada","item":"https:\/\/siptel.es\/"},{"@type":"ListItem","position":2,"name":"App Control Remoto"}]},{"@type":"WebSite","@id":"https:\/\/siptel.es\/#website","url":"https:\/\/siptel.es\/","name":"Siptel","description":"","publisher":{"@id":"https:\/\/siptel.es\/#organization"},"potentialAction":[{"@type":"SearchAction","target":{"@type":"EntryPoint","urlTemplate":"https:\/\/siptel.es\/?s={search_term_string}"},"query-input":{"@type":"PropertyValueSpecification","valueRequired":true,"valueName":"search_term_string"}}],"inLanguage":"en-GB"},{"@type":"Organization","@id":"https:\/\/siptel.es\/#organization","name":"Siptel","url":"https:\/\/siptel.es\/","logo":{"@type":"ImageObject","inLanguage":"en-GB","@id":"https:\/\/siptel.es\/#\/schema\/logo\/image\/","url":"https:\/\/siptel.es\/wp-content\/uploads\/2023\/05\/SIPTEL-apaisat-sense-marc-02-02-1-e1684765794188.png","contentUrl":"https:\/\/siptel.es\/wp-content\/uploads\/2023\/05\/SIPTEL-apaisat-sense-marc-02-02-1-e1684765794188.png","width":4011,"height":1642,"caption":"Siptel"},"image":{"@id":"https:\/\/siptel.es\/#\/schema\/logo\/image\/"}}]}},"_links":{"self":[{"href":"https:\/\/siptel.es\/en\/wp-json\/wp\/v2\/pages\/1821","targetHints":{"allow":["GET"]}}],"collection":[{"href":"https:\/\/siptel.es\/en\/wp-json\/wp\/v2\/pages"}],"about":[{"href":"https:\/\/siptel.es\/en\/wp-json\/wp\/v2\/types\/page"}],"author":[{"embeddable":true,"href":"https:\/\/siptel.es\/en\/wp-json\/wp\/v2\/users\/2"}],"replies":[{"embeddable":true,"href":"https:\/\/siptel.es\/en\/wp-json\/wp\/v2\/comments?post=1821"}],"version-history":[{"count":37,"href":"https:\/\/siptel.es\/en\/wp-json\/wp\/v2\/pages\/1821\/revisions"}],"predecessor-version":[{"id":1991,"href":"https:\/\/siptel.es\/en\/wp-json\/wp\/v2\/pages\/1821\/revisions\/1991"}],"wp:attachment":[{"href":"https:\/\/siptel.es\/en\/wp-json\/wp\/v2\/media?parent=1821"}],"curies":[{"name":"wp","href":"https:\/\/api.w.org\/{rel}","templated":true}]}}