{"id":1733,"date":"2023-06-27T09:43:12","date_gmt":"2023-06-27T09:43:12","guid":{"rendered":"https:\/\/siptel.es\/?page_id=1733"},"modified":"2025-04-10T15:16:28","modified_gmt":"2025-04-10T15:16:28","slug":"politica-de-cookies","status":"publish","type":"page","link":"https:\/\/siptel.es\/en\/politica-de-cookies\/","title":{"rendered":"Pol\u00edtica de cookies"},"content":{"rendered":"<p>SIPTEL SOLUTIONS SLU, el titular de este sitio web, informa que se utilizan cookies y\/o tecnolog\u00edas similares que almacenan y recuperan informaci\u00f3n cuando navegas. En general, estas tecnolog\u00edas pueden servir para finalidades muy diversas, como, por ejemplo, reconocerte como usuario, obtener informaci\u00f3n sobre tus h\u00e1bitos de navegaci\u00f3n o personalizar la forma en que se muestra el contenido. Los usos concretos que hacemos de estas tecnolog\u00edas se describen a continuaci\u00f3n.<\/p>\n\n\n\n<h3 class=\"wp-block-heading\">\u00bfQu\u00e9 tipo de cookies se utilizan en esta p\u00e1gina web?<\/h3>\n\n\n\n<ul class=\"wp-block-list\">\n<li><strong>T\u00e9cnicas:<\/strong> necesarias para la navegaci\u00f3n y el buen funcionamiento del sitio web. Permiten, por ejemplo, controlar el tr\u00e1fico y la comunicaci\u00f3n de datos, acceder a partes de acceso restringido, realizar el proceso de compra de un pedido, utilizar elementos de seguridad, almacenar contenidos para poder difundir v\u00eddeos o compartir contenidos en redes sociales.<\/li>\n\n\n\n<li><strong>De personalizaci\u00f3n:<\/strong> permiten al usuario acceder al servicio con caracter\u00edsticas predefinidas seg\u00fan ciertos criterios (idioma, tipo de navegador, configuraci\u00f3n regional&#8230;).<\/li>\n\n\n\n<li><strong>De an\u00e1lisis:<\/strong> tratadas por nosotros o por terceros, permiten cuantificar el n\u00famero de usuarios y as\u00ed realizar la medici\u00f3n y an\u00e1lisis estad\u00edstico de la utilizaci\u00f3n que hacen los usuarios del servicio ofrecido.<\/li>\n\n\n\n<li><strong>Publicitarias:<\/strong> permiten la gesti\u00f3n eficaz de los espacios publicitarios incluidos en nuestro sitio web.<\/li>\n\n\n\n<li><strong>Publicitarias comportamentales:<\/strong> tratadas por nosotros o por terceros, permiten analizar tus h\u00e1bitos de navegaci\u00f3n en Internet para mostrarte publicidad relacionada con tu perfil.<\/li>\n<\/ul>\n\n\n\n<h3 class=\"wp-block-heading\">\u00bfQui\u00e9n utiliza las cookies?<\/h3>\n\n\n\n<p>Las cookies pueden ser propias (enviadas desde nuestros propios dominios) o de terceros (gestionadas por entidades colaboradoras como redes sociales o servicios externos como Google Maps o Google Analytics).<\/p>\n\n\n\n<p>M\u00e1s informaci\u00f3n sobre cookies de terceros:<\/p>\n\n\n\n<ul class=\"wp-block-list\">\n<li><a href=\"https:\/\/policies.google.com\/technologies\/cookies?hl=es\" target=\"_blank\" rel=\"noreferrer noopener\">Pol\u00edtica de cookies de Google<\/a><\/li>\n\n\n\n<li><a href=\"https:\/\/es.linkedin.com\/legal\/cookie-policy\" target=\"_blank\" rel=\"noreferrer noopener\">Pol\u00edtica de cookies de LinkedIn<\/a><\/li>\n<\/ul>\n\n\n\n<h3 class=\"wp-block-heading\">Periodo de conservaci\u00f3n<\/h3>\n\n\n\n<p><strong>Cookies de sesi\u00f3n:<\/strong> se eliminan al cerrar el navegador.<\/p>\n\n\n\n<p><strong>Cookies persistentes:<\/strong> permanecen en el dispositivo hasta su fecha de expiraci\u00f3n o eliminaci\u00f3n manual.<\/p>\n\n\n\n<p>Los datos obtenidos se conservar\u00e1n seg\u00fan lo establecido en nuestra <a href=\"\/en\/politica-de-privacidad\/\" target=\"_blank\" rel=\"noreferrer noopener\">Pol\u00edtica de Privacidad<\/a>.<\/p>\n\n\n\n<h3 class=\"wp-block-heading\">Listado de cookies utilizadas<\/h3>\n\n\n\n<figure class=\"wp-block-table\"><table class=\"has-fixed-layout\"><thead><tr><th>Nombre<\/th><th>Tipo<\/th><th>Origen<\/th><th>Duraci\u00f3n<\/th><th>Prop\u00f3sito<\/th><\/tr><\/thead><tbody><tr><td>moove_gdpr_popup<\/td><td>T\u00e9cnica<\/td><td>GDPR Cookie Compliance<\/td><td>Sesi\u00f3n<\/td><td>Contiene si se ha aceptado la instalaci\u00f3n de cookies.<\/td><\/tr><tr><td>_ga<\/td><td>Anal\u00edtica<\/td><td>Google<\/td><td>2 a\u00f1os<\/td><td>Generar datos estad\u00edsticos sobre c\u00f3mo usa el visitante el sitio web.<\/td><\/tr><tr><td>_gat<\/td><td>Anal\u00edtica<\/td><td>Google<\/td><td>1 d\u00eda<\/td><td>Limitar la tasa de solicitudes.<\/td><\/tr><tr><td>_gid<\/td><td>Anal\u00edtica<\/td><td>Google<\/td><td>1 d\u00eda<\/td><td>Generar datos estad\u00edsticos sobre el uso del sitio web.<\/td><\/tr><\/tbody><\/table><\/figure>\n\n\n\n<h3 class=\"wp-block-heading\">\u00bfC\u00f3mo aceptar, rechazar o revocar el consentimiento?<\/h3>\n\n\n\n<p>Puedes aceptar, rechazar o configurar el uso de cookies desde el <a href=\"#\">panel de configuraci\u00f3n de cookies<\/a>.<\/p>\n\n\n\n<p>Tambi\u00e9n puedes hacerlo desde tu navegador:<\/p>\n\n\n\n<ul class=\"wp-block-list\">\n<li><a href=\"https:\/\/support.mozilla.org\/es\/kb\/habilitar-y-deshabilitar-cookies-sitios-web-rastrear-preferencias\" target=\"_blank\" rel=\"noreferrer noopener\">Firefox<\/a><\/li>\n\n\n\n<li><a href=\"https:\/\/support.google.com\/chrome\/answer\/95647?hl=es\" target=\"_blank\" rel=\"noreferrer noopener\">Chrome<\/a><\/li>\n\n\n\n<li><a href=\"https:\/\/support.apple.com\/es-es\/guide\/safari\/sfri11471\/mac\" target=\"_blank\" rel=\"noreferrer noopener\">Safari<\/a><\/li>\n\n\n\n<li><a href=\"https:\/\/support.microsoft.com\/es-es\/help\/17442\/windows-internet-explorer-delete-manage-cookies\" target=\"_blank\" rel=\"noreferrer noopener\">Internet Explorer<\/a><\/li>\n\n\n\n<li><a href=\"https:\/\/privacy.microsoft.com\/es-es\/windows-10-microsoft-edge-and-privacy\" target=\"_blank\" rel=\"noreferrer noopener\">Microsoft Edge<\/a><\/li>\n<\/ul>\n\n\n\n<h3 class=\"wp-block-heading\">Transferencias a terceros pa\u00edses<\/h3>\n\n\n\n<p>Algunos terceros (como Google o LinkedIn) pueden realizar transferencias internacionales de datos. Consulta sus pol\u00edticas para m\u00e1s detalles.<\/p>\n\n\n\n<h3 class=\"wp-block-heading\">Elaboraci\u00f3n de perfiles<\/h3>\n\n\n\n<p>No elaboramos perfiles.<\/p>\n\n\n\n<h3 class=\"wp-block-heading\">Informaci\u00f3n adicional<\/h3>\n\n\n\n<p>Consulta nuestra <a href=\"\/en\/politica-de-privacidad\/\" target=\"_blank\" rel=\"noreferrer noopener\">Pol\u00edtica de Privacidad<\/a> para m\u00e1s informaci\u00f3n sobre tus derechos y el tratamiento de tus datos.<\/p>","protected":false},"excerpt":{"rendered":"<p>SIPTEL SOLUTIONS SLU, el titular de este sitio web, informa que se utilizan cookies y\/o tecnolog\u00edas similares que almacenan y recuperan informaci\u00f3n cuando navegas. En general, estas tecnolog\u00edas pueden servir para finalidades muy diversas, como, por ejemplo, reconocerte como usuario, obtener informaci\u00f3n sobre tus h\u00e1bitos de navegaci\u00f3n o personalizar la forma en que se muestra [&hellip;]<\/p>","protected":false},"author":2,"featured_media":0,"parent":0,"menu_order":0,"comment_status":"closed","ping_status":"closed","template":"","meta":{"_joinchat":[],"footnotes":""},"class_list":["post-1733","page","type-page","status-publish","hentry"],"blocksy_meta":[],"yoast_head":"<!-- This site is optimized with the Yoast SEO plugin v24.8.1 - https:\/\/yoast.com\/wordpress\/plugins\/seo\/ -->\n<title>Pol\u00edtica de cookies - Siptel<\/title>\n<meta name=\"robots\" content=\"index, follow, max-snippet:-1, max-image-preview:large, max-video-preview:-1\" \/>\n<link rel=\"canonical\" href=\"https:\/\/siptel.es\/en\/politica-de-cookies\/\" \/>\n<meta property=\"og:locale\" content=\"en_GB\" \/>\n<meta property=\"og:type\" content=\"article\" \/>\n<meta property=\"og:title\" content=\"Pol\u00edtica de cookies - Siptel\" \/>\n<meta property=\"og:description\" content=\"SIPTEL SOLUTIONS SLU, el titular de este sitio web, informa que se utilizan cookies y\/o tecnolog\u00edas similares que almacenan y recuperan informaci\u00f3n cuando navegas. En general, estas tecnolog\u00edas pueden servir para finalidades muy diversas, como, por ejemplo, reconocerte como usuario, obtener informaci\u00f3n sobre tus h\u00e1bitos de navegaci\u00f3n o personalizar la forma en que se muestra [&hellip;]\" \/>\n<meta property=\"og:url\" content=\"https:\/\/siptel.es\/en\/politica-de-cookies\/\" \/>\n<meta property=\"og:site_name\" content=\"Siptel\" \/>\n<meta property=\"article:modified_time\" content=\"2025-04-10T15:16:28+00:00\" \/>\n<meta name=\"twitter:card\" content=\"summary_large_image\" \/>\n<meta name=\"twitter:label1\" content=\"Estimated reading time\" \/>\n\t<meta name=\"twitter:data1\" content=\"3 minutes\" \/>\n<script type=\"application\/ld+json\" class=\"yoast-schema-graph\">{\"@context\":\"https:\/\/schema.org\",\"@graph\":[{\"@type\":\"WebPage\",\"@id\":\"https:\/\/siptel.es\/politica-de-cookies\/\",\"url\":\"https:\/\/siptel.es\/politica-de-cookies\/\",\"name\":\"Pol\u00edtica de cookies - Siptel\",\"isPartOf\":{\"@id\":\"https:\/\/siptel.es\/#website\"},\"datePublished\":\"2023-06-27T09:43:12+00:00\",\"dateModified\":\"2025-04-10T15:16:28+00:00\",\"breadcrumb\":{\"@id\":\"https:\/\/siptel.es\/politica-de-cookies\/#breadcrumb\"},\"inLanguage\":\"en-GB\",\"potentialAction\":[{\"@type\":\"ReadAction\",\"target\":[\"https:\/\/siptel.es\/politica-de-cookies\/\"]}]},{\"@type\":\"BreadcrumbList\",\"@id\":\"https:\/\/siptel.es\/politica-de-cookies\/#breadcrumb\",\"itemListElement\":[{\"@type\":\"ListItem\",\"position\":1,\"name\":\"Portada\",\"item\":\"https:\/\/siptel.es\/\"},{\"@type\":\"ListItem\",\"position\":2,\"name\":\"Pol\u00edtica de cookies\"}]},{\"@type\":\"WebSite\",\"@id\":\"https:\/\/siptel.es\/#website\",\"url\":\"https:\/\/siptel.es\/\",\"name\":\"Siptel\",\"description\":\"\",\"publisher\":{\"@id\":\"https:\/\/siptel.es\/#organization\"},\"potentialAction\":[{\"@type\":\"SearchAction\",\"target\":{\"@type\":\"EntryPoint\",\"urlTemplate\":\"https:\/\/siptel.es\/?s={search_term_string}\"},\"query-input\":{\"@type\":\"PropertyValueSpecification\",\"valueRequired\":true,\"valueName\":\"search_term_string\"}}],\"inLanguage\":\"en-GB\"},{\"@type\":\"Organization\",\"@id\":\"https:\/\/siptel.es\/#organization\",\"name\":\"Siptel\",\"url\":\"https:\/\/siptel.es\/\",\"logo\":{\"@type\":\"ImageObject\",\"inLanguage\":\"en-GB\",\"@id\":\"https:\/\/siptel.es\/#\/schema\/logo\/image\/\",\"url\":\"https:\/\/siptel.es\/wp-content\/uploads\/2023\/05\/SIPTEL-apaisat-sense-marc-02-02-1-e1684765794188.png\",\"contentUrl\":\"https:\/\/siptel.es\/wp-content\/uploads\/2023\/05\/SIPTEL-apaisat-sense-marc-02-02-1-e1684765794188.png\",\"width\":4011,\"height\":1642,\"caption\":\"Siptel\"},\"image\":{\"@id\":\"https:\/\/siptel.es\/#\/schema\/logo\/image\/\"}}]}<\/script>\n<!-- \/ Yoast SEO plugin. -->","yoast_head_json":{"title":"Pol\u00edtica de cookies - Siptel","robots":{"index":"index","follow":"follow","max-snippet":"max-snippet:-1","max-image-preview":"max-image-preview:large","max-video-preview":"max-video-preview:-1"},"canonical":"https:\/\/siptel.es\/en\/politica-de-cookies\/","og_locale":"en_GB","og_type":"article","og_title":"Pol\u00edtica de cookies - Siptel","og_description":"SIPTEL SOLUTIONS SLU, el titular de este sitio web, informa que se utilizan cookies y\/o tecnolog\u00edas similares que almacenan y recuperan informaci\u00f3n cuando navegas. En general, estas tecnolog\u00edas pueden servir para finalidades muy diversas, como, por ejemplo, reconocerte como usuario, obtener informaci\u00f3n sobre tus h\u00e1bitos de navegaci\u00f3n o personalizar la forma en que se muestra [&hellip;]","og_url":"https:\/\/siptel.es\/en\/politica-de-cookies\/","og_site_name":"Siptel","article_modified_time":"2025-04-10T15:16:28+00:00","twitter_card":"summary_large_image","twitter_misc":{"Estimated reading time":"3 minutes"},"schema":{"@context":"https:\/\/schema.org","@graph":[{"@type":"WebPage","@id":"https:\/\/siptel.es\/politica-de-cookies\/","url":"https:\/\/siptel.es\/politica-de-cookies\/","name":"Pol\u00edtica de cookies - Siptel","isPartOf":{"@id":"https:\/\/siptel.es\/#website"},"datePublished":"2023-06-27T09:43:12+00:00","dateModified":"2025-04-10T15:16:28+00:00","breadcrumb":{"@id":"https:\/\/siptel.es\/politica-de-cookies\/#breadcrumb"},"inLanguage":"en-GB","potentialAction":[{"@type":"ReadAction","target":["https:\/\/siptel.es\/politica-de-cookies\/"]}]},{"@type":"BreadcrumbList","@id":"https:\/\/siptel.es\/politica-de-cookies\/#breadcrumb","itemListElement":[{"@type":"ListItem","position":1,"name":"Portada","item":"https:\/\/siptel.es\/"},{"@type":"ListItem","position":2,"name":"Pol\u00edtica de cookies"}]},{"@type":"WebSite","@id":"https:\/\/siptel.es\/#website","url":"https:\/\/siptel.es\/","name":"Siptel","description":"","publisher":{"@id":"https:\/\/siptel.es\/#organization"},"potentialAction":[{"@type":"SearchAction","target":{"@type":"EntryPoint","urlTemplate":"https:\/\/siptel.es\/?s={search_term_string}"},"query-input":{"@type":"PropertyValueSpecification","valueRequired":true,"valueName":"search_term_string"}}],"inLanguage":"en-GB"},{"@type":"Organization","@id":"https:\/\/siptel.es\/#organization","name":"Siptel","url":"https:\/\/siptel.es\/","logo":{"@type":"ImageObject","inLanguage":"en-GB","@id":"https:\/\/siptel.es\/#\/schema\/logo\/image\/","url":"https:\/\/siptel.es\/wp-content\/uploads\/2023\/05\/SIPTEL-apaisat-sense-marc-02-02-1-e1684765794188.png","contentUrl":"https:\/\/siptel.es\/wp-content\/uploads\/2023\/05\/SIPTEL-apaisat-sense-marc-02-02-1-e1684765794188.png","width":4011,"height":1642,"caption":"Siptel"},"image":{"@id":"https:\/\/siptel.es\/#\/schema\/logo\/image\/"}}]}},"_links":{"self":[{"href":"https:\/\/siptel.es\/en\/wp-json\/wp\/v2\/pages\/1733","targetHints":{"allow":["GET"]}}],"collection":[{"href":"https:\/\/siptel.es\/en\/wp-json\/wp\/v2\/pages"}],"about":[{"href":"https:\/\/siptel.es\/en\/wp-json\/wp\/v2\/types\/page"}],"author":[{"embeddable":true,"href":"https:\/\/siptel.es\/en\/wp-json\/wp\/v2\/users\/2"}],"replies":[{"embeddable":true,"href":"https:\/\/siptel.es\/en\/wp-json\/wp\/v2\/comments?post=1733"}],"version-history":[{"count":3,"href":"https:\/\/siptel.es\/en\/wp-json\/wp\/v2\/pages\/1733\/revisions"}],"predecessor-version":[{"id":2071,"href":"https:\/\/siptel.es\/en\/wp-json\/wp\/v2\/pages\/1733\/revisions\/2071"}],"wp:attachment":[{"href":"https:\/\/siptel.es\/en\/wp-json\/wp\/v2\/media?parent=1733"}],"curies":[{"name":"wp","href":"https:\/\/api.w.org\/{rel}","templated":true}]}}